{"id":2798,"date":"2024-08-27T03:10:29","date_gmt":"2024-08-27T03:10:29","guid":{"rendered":"https:\/\/metodocelula.com.br\/site\/?post_type=product&#038;p=2798"},"modified":"2024-08-27T03:11:32","modified_gmt":"2024-08-27T03:11:32","slug":"sabonete-liquido","status":"publish","type":"product","link":"https:\/\/metodocelula.com.br\/site\/?product=sabonete-liquido","title":{"rendered":"Sabonete L\u00edquido"},"content":{"rendered":"<p>Extremamente suave, limpa, refresca e amacia a pele. Rico em ativos e hidratantes naturais como cal\u00eandula e a camomila. Ideal para limpeza e hidrata\u00e7\u00e3o di\u00e1ria da pele facial, sem resseca \u2013 la, sem agress\u00e3o e sem modificar a acidez cut\u00e2nea.<\/p>\n<p><strong>Modo de usar:<br \/>\n<\/strong>Umedecer o rosto e aplicar o produto massageando suavemente. Enxaguar em \u00e1gua corrente, pode ser usando v\u00e1rias vezes ao dia.<\/p>\n","protected":false},"excerpt":{"rendered":"<p>Extremamente suave, limpa, refresca e amacia a pele. Rico em ativos e hidratantes naturais como cal\u00eandula e a camomila. Ideal para limpeza e hidrata\u00e7\u00e3o di\u00e1ria da pele facial, sem resseca \u2013 la, sem agress\u00e3o e sem modificar a acidez cut\u00e2nea.<\/p>\n<p><strong>Modo de usar:<br \/>\n<\/strong>Umedecer o rosto e aplicar o produto massageando suavemente. Enxaguar em \u00e1gua corrente, pode ser usando v\u00e1rias vezes ao dia.<\/p>\n","protected":false},"featured_media":2804,"comment_status":"open","ping_status":"closed","template":"","meta":{"_uag_custom_page_level_css":"","site-sidebar-layout":"default","site-content-layout":"","ast-site-content-layout":"default","site-content-style":"default","site-sidebar-style":"default","ast-global-header-display":"","ast-banner-title-visibility":"","ast-main-header-display":"","ast-hfb-above-header-display":"","ast-hfb-below-header-display":"","ast-hfb-mobile-header-display":"","site-post-title":"","ast-breadcrumbs-content":"","ast-featured-img":"","footer-sml-layout":"","theme-transparent-header-meta":"default","adv-header-id-meta":"","stick-header-meta":"","header-above-stick-meta":"","header-main-stick-meta":"","header-below-stick-meta":"","astra-migrate-meta-layouts":"set","ast-page-background-enabled":"default","ast-page-background-meta":{"desktop":{"background-color":"","background-image":"","background-repeat":"repeat","background-position":"center center","background-size":"auto","background-attachment":"scroll","background-type":"","background-media":"","overlay-type":"","overlay-color":"","overlay-opacity":"","overlay-gradient":""},"tablet":{"background-color":"","background-image":"","background-repeat":"repeat","background-position":"center center","background-size":"auto","background-attachment":"scroll","background-type":"","background-media":"","overlay-type":"","overlay-color":"","overlay-opacity":"","overlay-gradient":""},"mobile":{"background-color":"","background-image":"","background-repeat":"repeat","background-position":"center center","background-size":"auto","background-attachment":"scroll","background-type":"","background-media":"","overlay-type":"","overlay-color":"","overlay-opacity":"","overlay-gradient":""}},"ast-content-background-meta":{"desktop":{"background-color":"var(--ast-global-color-5)","background-image":"","background-repeat":"repeat","background-position":"center center","background-size":"auto","background-attachment":"scroll","background-type":"","background-media":"","overlay-type":"","overlay-color":"","overlay-opacity":"","overlay-gradient":""},"tablet":{"background-color":"var(--ast-global-color-5)","background-image":"","background-repeat":"repeat","background-position":"center center","background-size":"auto","background-attachment":"scroll","background-type":"","background-media":"","overlay-type":"","overlay-color":"","overlay-opacity":"","overlay-gradient":""},"mobile":{"background-color":"var(--ast-global-color-5)","background-image":"","background-repeat":"repeat","background-position":"center center","background-size":"auto","background-attachment":"scroll","background-type":"","background-media":"","overlay-type":"","overlay-color":"","overlay-opacity":"","overlay-gradient":""}}},"product_cat":[15],"product_tag":[],"uagb_featured_image_src":{"full":["https:\/\/metodocelula.com.br\/site\/wp-content\/uploads\/2024\/08\/SaboneteLiquido.jpg",1080,1080,false],"thumbnail":["https:\/\/metodocelula.com.br\/site\/wp-content\/uploads\/2024\/08\/SaboneteLiquido-150x150.jpg",150,150,true],"medium":["https:\/\/metodocelula.com.br\/site\/wp-content\/uploads\/2024\/08\/SaboneteLiquido-300x300.jpg",300,300,true],"medium_large":["https:\/\/metodocelula.com.br\/site\/wp-content\/uploads\/2024\/08\/SaboneteLiquido-768x768.jpg",768,768,true],"large":["https:\/\/metodocelula.com.br\/site\/wp-content\/uploads\/2024\/08\/SaboneteLiquido-1024x1024.jpg",1024,1024,true],"1536x1536":["https:\/\/metodocelula.com.br\/site\/wp-content\/uploads\/2024\/08\/SaboneteLiquido.jpg",1080,1080,false],"2048x2048":["https:\/\/metodocelula.com.br\/site\/wp-content\/uploads\/2024\/08\/SaboneteLiquido.jpg",1080,1080,false],"woocommerce_thumbnail":["https:\/\/metodocelula.com.br\/site\/wp-content\/uploads\/2024\/08\/SaboneteLiquido-300x300.jpg",300,300,true],"woocommerce_single":["https:\/\/metodocelula.com.br\/site\/wp-content\/uploads\/2024\/08\/SaboneteLiquido-600x600.jpg",600,600,true],"woocommerce_gallery_thumbnail":["https:\/\/metodocelula.com.br\/site\/wp-content\/uploads\/2024\/08\/SaboneteLiquido-100x100.jpg",100,100,true]},"uagb_author_info":{"display_name":"admin","author_link":"https:\/\/metodocelula.com.br\/site\/?author=0"},"uagb_comment_info":0,"uagb_excerpt":"Extremamente suave, limpa, refresca e amacia a pele. Rico em ativos e hidratantes naturais como cal\u00eandula e a camomila. Ideal para limpeza e hidrata\u00e7\u00e3o di\u00e1ria da pele facial, sem resseca \u2013 la, sem agress\u00e3o e sem modificar a acidez cut\u00e2nea. Modo de usar: Umedecer o rosto e aplicar o produto massageando suavemente. Enxaguar em \u00e1gua&hellip;","_links":{"self":[{"href":"https:\/\/metodocelula.com.br\/site\/index.php?rest_route=\/wp\/v2\/product\/2798"}],"collection":[{"href":"https:\/\/metodocelula.com.br\/site\/index.php?rest_route=\/wp\/v2\/product"}],"about":[{"href":"https:\/\/metodocelula.com.br\/site\/index.php?rest_route=\/wp\/v2\/types\/product"}],"replies":[{"embeddable":true,"href":"https:\/\/metodocelula.com.br\/site\/index.php?rest_route=%2Fwp%2Fv2%2Fcomments&post=2798"}],"wp:featuredmedia":[{"embeddable":true,"href":"https:\/\/metodocelula.com.br\/site\/index.php?rest_route=\/wp\/v2\/media\/2804"}],"wp:attachment":[{"href":"https:\/\/metodocelula.com.br\/site\/index.php?rest_route=%2Fwp%2Fv2%2Fmedia&parent=2798"}],"wp:term":[{"taxonomy":"product_cat","embeddable":true,"href":"https:\/\/metodocelula.com.br\/site\/index.php?rest_route=%2Fwp%2Fv2%2Fproduct_cat&post=2798"},{"taxonomy":"product_tag","embeddable":true,"href":"https:\/\/metodocelula.com.br\/site\/index.php?rest_route=%2Fwp%2Fv2%2Fproduct_tag&post=2798"}],"curies":[{"name":"wp","href":"https:\/\/api.w.org\/{rel}","templated":true}]}}