{"id":2796,"date":"2024-08-27T03:08:12","date_gmt":"2024-08-27T03:08:12","guid":{"rendered":"https:\/\/metodocelula.com.br\/site\/?post_type=product&#038;p=2796"},"modified":"2024-08-27T03:11:44","modified_gmt":"2024-08-27T03:11:44","slug":"agua-micelar","status":"publish","type":"product","link":"https:\/\/metodocelula.com.br\/site\/?product=agua-micelar","title":{"rendered":"\u00c1gua Micelar"},"content":{"rendered":"<p>Limpa e purifica a pele. F\u00f3rmula desenvolvida para captar e eliminar impureza tecidual. Com nano tecnologia ajuda na permeabilidade de ativos de maneira r\u00e1pida. Deixando a pele limpa, clara mais suave e reequil\u00edbrio o PH<\/p>\n<p><b>Modo de usar:<br \/>\n<\/b>Ap\u00f3s o lavar com Sabonete C\u00e9lula, Aplicar de manh\u00e3 e a noite, sobre um algod\u00e3o e em seguida passar suavemente sobre a pele do rosto, l\u00e1bios e olhos. N\u00e3o \u00e9 necess\u00e1rio enx\u00e1gue. Apenas para uso externo. Repedir a opera\u00e7\u00e3o se necess\u00e1rio.<\/p>\n","protected":false},"excerpt":{"rendered":"<p>Limpa e purifica a pele. F\u00f3rmula desenvolvida para captar e eliminar impureza tecidual. Com nano tecnologia ajuda na permeabilidade de ativos de maneira r\u00e1pida. Deixando a pele limpa, clara mais suave e reequil\u00edbrio o PH<\/p>\n<p><b>Modo de usar:<br \/>\n<\/b>Ap\u00f3s o lavar com Sabonete C\u00e9lula, Aplicar de manh\u00e3 e a noite, sobre um algod\u00e3o e em seguida passar suavemente sobre a pele do rosto, l\u00e1bios e olhos. N\u00e3o \u00e9 necess\u00e1rio enx\u00e1gue. Apenas para uso externo. Repedir a opera\u00e7\u00e3o se necess\u00e1rio.<\/p>\n","protected":false},"featured_media":2802,"comment_status":"open","ping_status":"closed","template":"","meta":{"_uag_custom_page_level_css":"","site-sidebar-layout":"default","site-content-layout":"","ast-site-content-layout":"default","site-content-style":"default","site-sidebar-style":"default","ast-global-header-display":"","ast-banner-title-visibility":"","ast-main-header-display":"","ast-hfb-above-header-display":"","ast-hfb-below-header-display":"","ast-hfb-mobile-header-display":"","site-post-title":"","ast-breadcrumbs-content":"","ast-featured-img":"","footer-sml-layout":"","theme-transparent-header-meta":"default","adv-header-id-meta":"","stick-header-meta":"","header-above-stick-meta":"","header-main-stick-meta":"","header-below-stick-meta":"","astra-migrate-meta-layouts":"set","ast-page-background-enabled":"default","ast-page-background-meta":{"desktop":{"background-color":"","background-image":"","background-repeat":"repeat","background-position":"center center","background-size":"auto","background-attachment":"scroll","background-type":"","background-media":"","overlay-type":"","overlay-color":"","overlay-opacity":"","overlay-gradient":""},"tablet":{"background-color":"","background-image":"","background-repeat":"repeat","background-position":"center center","background-size":"auto","background-attachment":"scroll","background-type":"","background-media":"","overlay-type":"","overlay-color":"","overlay-opacity":"","overlay-gradient":""},"mobile":{"background-color":"","background-image":"","background-repeat":"repeat","background-position":"center center","background-size":"auto","background-attachment":"scroll","background-type":"","background-media":"","overlay-type":"","overlay-color":"","overlay-opacity":"","overlay-gradient":""}},"ast-content-background-meta":{"desktop":{"background-color":"var(--ast-global-color-5)","background-image":"","background-repeat":"repeat","background-position":"center center","background-size":"auto","background-attachment":"scroll","background-type":"","background-media":"","overlay-type":"","overlay-color":"","overlay-opacity":"","overlay-gradient":""},"tablet":{"background-color":"var(--ast-global-color-5)","background-image":"","background-repeat":"repeat","background-position":"center center","background-size":"auto","background-attachment":"scroll","background-type":"","background-media":"","overlay-type":"","overlay-color":"","overlay-opacity":"","overlay-gradient":""},"mobile":{"background-color":"var(--ast-global-color-5)","background-image":"","background-repeat":"repeat","background-position":"center center","background-size":"auto","background-attachment":"scroll","background-type":"","background-media":"","overlay-type":"","overlay-color":"","overlay-opacity":"","overlay-gradient":""}}},"product_cat":[15],"product_tag":[],"uagb_featured_image_src":{"full":["https:\/\/metodocelula.com.br\/site\/wp-content\/uploads\/2024\/08\/AguaMicelar.jpg",1080,1080,false],"thumbnail":["https:\/\/metodocelula.com.br\/site\/wp-content\/uploads\/2024\/08\/AguaMicelar-150x150.jpg",150,150,true],"medium":["https:\/\/metodocelula.com.br\/site\/wp-content\/uploads\/2024\/08\/AguaMicelar-300x300.jpg",300,300,true],"medium_large":["https:\/\/metodocelula.com.br\/site\/wp-content\/uploads\/2024\/08\/AguaMicelar-768x768.jpg",768,768,true],"large":["https:\/\/metodocelula.com.br\/site\/wp-content\/uploads\/2024\/08\/AguaMicelar-1024x1024.jpg",1024,1024,true],"1536x1536":["https:\/\/metodocelula.com.br\/site\/wp-content\/uploads\/2024\/08\/AguaMicelar.jpg",1080,1080,false],"2048x2048":["https:\/\/metodocelula.com.br\/site\/wp-content\/uploads\/2024\/08\/AguaMicelar.jpg",1080,1080,false],"woocommerce_thumbnail":["https:\/\/metodocelula.com.br\/site\/wp-content\/uploads\/2024\/08\/AguaMicelar-300x300.jpg",300,300,true],"woocommerce_single":["https:\/\/metodocelula.com.br\/site\/wp-content\/uploads\/2024\/08\/AguaMicelar-600x600.jpg",600,600,true],"woocommerce_gallery_thumbnail":["https:\/\/metodocelula.com.br\/site\/wp-content\/uploads\/2024\/08\/AguaMicelar-100x100.jpg",100,100,true]},"uagb_author_info":{"display_name":"admin","author_link":"https:\/\/metodocelula.com.br\/site\/?author=0"},"uagb_comment_info":0,"uagb_excerpt":"Limpa e purifica a pele. F\u00f3rmula desenvolvida para captar e eliminar impureza tecidual. Com nano tecnologia ajuda na permeabilidade de ativos de maneira r\u00e1pida. Deixando a pele limpa, clara mais suave e reequil\u00edbrio o PH Modo de usar: Ap\u00f3s o lavar com Sabonete C\u00e9lula, Aplicar de manh\u00e3 e a noite, sobre um algod\u00e3o e em&hellip;","_links":{"self":[{"href":"https:\/\/metodocelula.com.br\/site\/index.php?rest_route=\/wp\/v2\/product\/2796"}],"collection":[{"href":"https:\/\/metodocelula.com.br\/site\/index.php?rest_route=\/wp\/v2\/product"}],"about":[{"href":"https:\/\/metodocelula.com.br\/site\/index.php?rest_route=\/wp\/v2\/types\/product"}],"replies":[{"embeddable":true,"href":"https:\/\/metodocelula.com.br\/site\/index.php?rest_route=%2Fwp%2Fv2%2Fcomments&post=2796"}],"wp:featuredmedia":[{"embeddable":true,"href":"https:\/\/metodocelula.com.br\/site\/index.php?rest_route=\/wp\/v2\/media\/2802"}],"wp:attachment":[{"href":"https:\/\/metodocelula.com.br\/site\/index.php?rest_route=%2Fwp%2Fv2%2Fmedia&parent=2796"}],"wp:term":[{"taxonomy":"product_cat","embeddable":true,"href":"https:\/\/metodocelula.com.br\/site\/index.php?rest_route=%2Fwp%2Fv2%2Fproduct_cat&post=2796"},{"taxonomy":"product_tag","embeddable":true,"href":"https:\/\/metodocelula.com.br\/site\/index.php?rest_route=%2Fwp%2Fv2%2Fproduct_tag&post=2796"}],"curies":[{"name":"wp","href":"https:\/\/api.w.org\/{rel}","templated":true}]}}