{"id":2795,"date":"2024-08-27T03:06:22","date_gmt":"2024-08-27T03:06:22","guid":{"rendered":"https:\/\/metodocelula.com.br\/site\/?post_type=product&#038;p=2795"},"modified":"2024-08-27T03:11:53","modified_gmt":"2024-08-27T03:11:53","slug":"mc-control","status":"publish","type":"product","link":"https:\/\/metodocelula.com.br\/site\/?product=mc-control","title":{"rendered":"MC CONTROL"},"content":{"rendered":"<div class=\"woocommerce-product-details__short-description\">\n<p>Suplemento alimentar em c\u00e1psulas voltado especificamente para o controle do melasma, com Triptofano, Coenzima Q10, Col\u00e1geno, Vitaminas e Minerais.<br \/>\nComo usar: Ingerir 2 c\u00e1psulas ao dia<br \/>\nProduto indicado para grupo populacional acima de 19 anos<br \/>\nEste produto n\u00e3o e um medicamento.<br \/>\nEste produto n\u00e3o pode ser consumido por gestantes, lactantes e crian\u00e7as.<\/p>\n<\/div>\n","protected":false},"excerpt":{"rendered":"<div class=\"woocommerce-product-details__short-description\">\n<p>Suplemento alimentar em c\u00e1psulas voltado especificamente para o controle do melasma,\u00a0 com Triptofano, Coenzima Q10, Col\u00e1geno, Vitaminas e Minerais.<br \/>\nComo usar: Ingerir 2 c\u00e1psulas ao dia<br \/>\nProduto indicado para grupo populacional acima de 19 anos<br \/>\nEste produto n\u00e3o e um medicamento.<br \/>\nEste produto n\u00e3o pode ser consumido por gestantes, lactantes e crian\u00e7as.<\/p>\n<\/div>\n","protected":false},"featured_media":2800,"comment_status":"open","ping_status":"closed","template":"","meta":{"_uag_custom_page_level_css":"","site-sidebar-layout":"default","site-content-layout":"","ast-site-content-layout":"default","site-content-style":"default","site-sidebar-style":"default","ast-global-header-display":"","ast-banner-title-visibility":"","ast-main-header-display":"","ast-hfb-above-header-display":"","ast-hfb-below-header-display":"","ast-hfb-mobile-header-display":"","site-post-title":"","ast-breadcrumbs-content":"","ast-featured-img":"","footer-sml-layout":"","theme-transparent-header-meta":"default","adv-header-id-meta":"","stick-header-meta":"","header-above-stick-meta":"","header-main-stick-meta":"","header-below-stick-meta":"","astra-migrate-meta-layouts":"set","ast-page-background-enabled":"default","ast-page-background-meta":{"desktop":{"background-color":"","background-image":"","background-repeat":"repeat","background-position":"center center","background-size":"auto","background-attachment":"scroll","background-type":"","background-media":"","overlay-type":"","overlay-color":"","overlay-opacity":"","overlay-gradient":""},"tablet":{"background-color":"","background-image":"","background-repeat":"repeat","background-position":"center center","background-size":"auto","background-attachment":"scroll","background-type":"","background-media":"","overlay-type":"","overlay-color":"","overlay-opacity":"","overlay-gradient":""},"mobile":{"background-color":"","background-image":"","background-repeat":"repeat","background-position":"center center","background-size":"auto","background-attachment":"scroll","background-type":"","background-media":"","overlay-type":"","overlay-color":"","overlay-opacity":"","overlay-gradient":""}},"ast-content-background-meta":{"desktop":{"background-color":"var(--ast-global-color-5)","background-image":"","background-repeat":"repeat","background-position":"center center","background-size":"auto","background-attachment":"scroll","background-type":"","background-media":"","overlay-type":"","overlay-color":"","overlay-opacity":"","overlay-gradient":""},"tablet":{"background-color":"var(--ast-global-color-5)","background-image":"","background-repeat":"repeat","background-position":"center center","background-size":"auto","background-attachment":"scroll","background-type":"","background-media":"","overlay-type":"","overlay-color":"","overlay-opacity":"","overlay-gradient":""},"mobile":{"background-color":"var(--ast-global-color-5)","background-image":"","background-repeat":"repeat","background-position":"center center","background-size":"auto","background-attachment":"scroll","background-type":"","background-media":"","overlay-type":"","overlay-color":"","overlay-opacity":"","overlay-gradient":""}}},"product_cat":[15],"product_tag":[],"uagb_featured_image_src":{"full":["https:\/\/metodocelula.com.br\/site\/wp-content\/uploads\/2024\/08\/mccontrol.jpg",1080,1080,false],"thumbnail":["https:\/\/metodocelula.com.br\/site\/wp-content\/uploads\/2024\/08\/mccontrol-150x150.jpg",150,150,true],"medium":["https:\/\/metodocelula.com.br\/site\/wp-content\/uploads\/2024\/08\/mccontrol-300x300.jpg",300,300,true],"medium_large":["https:\/\/metodocelula.com.br\/site\/wp-content\/uploads\/2024\/08\/mccontrol-768x768.jpg",768,768,true],"large":["https:\/\/metodocelula.com.br\/site\/wp-content\/uploads\/2024\/08\/mccontrol-1024x1024.jpg",1024,1024,true],"1536x1536":["https:\/\/metodocelula.com.br\/site\/wp-content\/uploads\/2024\/08\/mccontrol.jpg",1080,1080,false],"2048x2048":["https:\/\/metodocelula.com.br\/site\/wp-content\/uploads\/2024\/08\/mccontrol.jpg",1080,1080,false],"woocommerce_thumbnail":["https:\/\/metodocelula.com.br\/site\/wp-content\/uploads\/2024\/08\/mccontrol-300x300.jpg",300,300,true],"woocommerce_single":["https:\/\/metodocelula.com.br\/site\/wp-content\/uploads\/2024\/08\/mccontrol-600x600.jpg",600,600,true],"woocommerce_gallery_thumbnail":["https:\/\/metodocelula.com.br\/site\/wp-content\/uploads\/2024\/08\/mccontrol-100x100.jpg",100,100,true]},"uagb_author_info":{"display_name":"admin","author_link":"https:\/\/metodocelula.com.br\/site\/?author=0"},"uagb_comment_info":0,"uagb_excerpt":"Suplemento alimentar em c\u00e1psulas voltado especificamente para o controle do melasma,\u00a0 com Triptofano, Coenzima Q10, Col\u00e1geno, Vitaminas e Minerais. Como usar: Ingerir 2 c\u00e1psulas ao dia Produto indicado para grupo populacional acima de 19 anos Este produto n\u00e3o e um medicamento. Este produto n\u00e3o pode ser consumido por gestantes, lactantes e crian\u00e7as.","_links":{"self":[{"href":"https:\/\/metodocelula.com.br\/site\/index.php?rest_route=\/wp\/v2\/product\/2795"}],"collection":[{"href":"https:\/\/metodocelula.com.br\/site\/index.php?rest_route=\/wp\/v2\/product"}],"about":[{"href":"https:\/\/metodocelula.com.br\/site\/index.php?rest_route=\/wp\/v2\/types\/product"}],"replies":[{"embeddable":true,"href":"https:\/\/metodocelula.com.br\/site\/index.php?rest_route=%2Fwp%2Fv2%2Fcomments&post=2795"}],"wp:featuredmedia":[{"embeddable":true,"href":"https:\/\/metodocelula.com.br\/site\/index.php?rest_route=\/wp\/v2\/media\/2800"}],"wp:attachment":[{"href":"https:\/\/metodocelula.com.br\/site\/index.php?rest_route=%2Fwp%2Fv2%2Fmedia&parent=2795"}],"wp:term":[{"taxonomy":"product_cat","embeddable":true,"href":"https:\/\/metodocelula.com.br\/site\/index.php?rest_route=%2Fwp%2Fv2%2Fproduct_cat&post=2795"},{"taxonomy":"product_tag","embeddable":true,"href":"https:\/\/metodocelula.com.br\/site\/index.php?rest_route=%2Fwp%2Fv2%2Fproduct_tag&post=2795"}],"curies":[{"name":"wp","href":"https:\/\/api.w.org\/{rel}","templated":true}]}}